{"id":188,"date":"2021-10-28T08:06:21","date_gmt":"2021-10-28T08:06:21","guid":{"rendered":"https:\/\/kunszigetresort.hu\/?page_id=87"},"modified":"2021-12-10T09:28:25","modified_gmt":"2021-12-10T09:28:25","slug":"hotel","status":"publish","type":"page","link":"https:\/\/kunszigetapartman.hu\/index.php\/hotel\/","title":{"rendered":"Hotel &#038; Wellness"},"content":{"rendered":"<p>[et_pb_section fb_built=&#8221;1&#8243; admin_label=&#8221;Header Section&#8221; _builder_version=&#8221;4.14.2&#8243; use_background_color_gradient=&#8221;on&#8221; background_color_gradient_start=&#8221;rgba(255,255,255,0.34)&#8221; background_color_gradient_end=&#8221;rgba(255,255,255,0)&#8221; background_color_gradient_overlays_image=&#8221;on&#8221; custom_padding=&#8221;4.2%||0px|||&#8221; hover_enabled=&#8221;0&#8243; global_colors_info=&#8221;{}&#8221; background_enable_image=&#8221;off&#8221; sticky_enabled=&#8221;0&#8243; background_color=&#8221;#000000&#8243;][et_pb_row custom_padding_last_edited=&#8221;off|desktop&#8221; admin_label=&#8221;Header Row&#8221; _builder_version=&#8221;3.25&#8243; custom_margin=&#8221;|auto|-0.7%|auto||&#8221; custom_padding=&#8221;|||&#8221; custom_padding_phone=&#8221;3vw|||&#8221; global_colors_info=&#8221;{}&#8221;][et_pb_column type=&#8221;4_4&#8243; _builder_version=&#8221;3.25&#8243; custom_padding=&#8221;|||&#8221; global_colors_info=&#8221;{}&#8221; custom_padding__hover=&#8221;|||&#8221;][et_pb_cta title=&#8221;Kunsziget Term\u00e1l &#038;\u00a0PSA&#8221; button_url=&#8221;https:\/\/kunszigetresort.hu\/feliratkozas\/&#8221; admin_label=&#8221;Heading, Subheading &#038; Button&#8221; _builder_version=&#8221;4.14.2&#8243; header_level=&#8221;h1&#8243; header_font=&#8221;Muli|700|||||||&#8221; header_font_size=&#8221;65px&#8221; header_line_height=&#8221;1.4em&#8221; body_font=&#8221;Muli|600|||||||&#8221; body_font_size=&#8221;18px&#8221; body_line_height=&#8221;1.8em&#8221; use_background_color=&#8221;off&#8221; custom_button=&#8221;on&#8221; button_text_size=&#8221;16px&#8221; button_text_color=&#8221;#ffffff&#8221; button_bg_color=&#8221;#f4583f&#8221; button_border_width=&#8221;10px&#8221; button_border_color=&#8221;rgba(244,88,63,0)&#8221; button_border_radius=&#8221;0px&#8221; button_font=&#8221;Muli|700|||||||&#8221; button_use_icon=&#8221;off&#8221; max_width=&#8221;800px&#8221; module_alignment=&#8221;center&#8221; custom_margin=&#8221;|||&#8221; custom_margin_tablet=&#8221;3vw||3vw|&#8221; custom_margin_phone=&#8221;|||&#8221; custom_margin_last_edited=&#8221;off|desktop&#8221; animation_style=&#8221;fade&#8221; hover_enabled=&#8221;0&#8243; header_font_size_tablet=&#8221;&#8221; header_font_size_phone=&#8221;50px&#8221; header_font_size_last_edited=&#8221;on|phone&#8221; button_text_color_hover=&#8221;#ffffff&#8221; button_border_color_hover=&#8221;rgba(244,88,63,0)&#8221; button_border_radius_hover=&#8221;0px&#8221; button_bg_color_hover=&#8221;#f4583f&#8221; global_colors_info=&#8221;{}&#8221; button_text_size__hover_enabled=&#8221;off&#8221; button_one_text_size__hover_enabled=&#8221;off&#8221; button_two_text_size__hover_enabled=&#8221;off&#8221; button_text_color__hover_enabled=&#8221;on&#8221; button_text_color__hover=&#8221;#ffffff&#8221; button_one_text_color__hover_enabled=&#8221;off&#8221; button_two_text_color__hover_enabled=&#8221;off&#8221; button_border_width__hover_enabled=&#8221;off&#8221; button_one_border_width__hover_enabled=&#8221;off&#8221; button_two_border_width__hover_enabled=&#8221;off&#8221; button_border_color__hover_enabled=&#8221;on&#8221; button_border_color__hover=&#8221;rgba(244,88,63,0)&#8221; button_one_border_color__hover_enabled=&#8221;off&#8221; button_two_border_color__hover_enabled=&#8221;off&#8221; button_border_radius__hover_enabled=&#8221;on&#8221; button_border_radius__hover=&#8221;0px&#8221; button_one_border_radius__hover_enabled=&#8221;off&#8221; button_two_border_radius__hover_enabled=&#8221;off&#8221; button_letter_spacing__hover_enabled=&#8221;off&#8221; button_one_letter_spacing__hover_enabled=&#8221;off&#8221; button_two_letter_spacing__hover_enabled=&#8221;off&#8221; button_bg_color__hover_enabled=&#8221;on&#8221; button_bg_color__hover=&#8221;#f4583f&#8221; button_one_bg_color__hover_enabled=&#8221;off&#8221; button_two_bg_color__hover_enabled=&#8221;off&#8221; sticky_enabled=&#8221;0&#8243;]<\/p>\n<p>Pihenjen, t\u00f6lt\u0151dj\u00f6n fel \u00e9s gy\u00f3gyuljon a term\u00e9szettel eggy\u00e9 v\u00e1lva, m\u00e9gis luxusban.<\/p>\n<p>[\/et_pb_cta][\/et_pb_column][\/et_pb_row][et_pb_row column_structure=&#8221;1_2,1_2&#8243; use_custom_gutter=&#8221;on&#8221; gutter_width=&#8221;1&#8243; admin_label=&#8221;Service Row&#8221; module_class=&#8221; et_pb_row_fullwidth&#8221; _builder_version=&#8221;4.14.2&#8243; width=&#8221;100%&#8221; width_tablet=&#8221;100%&#8221; width_phone=&#8221;&#8221; width_last_edited=&#8221;on|desktop&#8221; max_width=&#8221;100%&#8221; max_width_tablet=&#8221;100%&#8221; max_width_phone=&#8221;&#8221; max_width_last_edited=&#8221;on|desktop&#8221; custom_margin=&#8221;58px|auto|-5px|auto||&#8221; custom_padding=&#8221;0px||0px|&#8221; hover_enabled=&#8221;0&#8243; make_fullwidth=&#8221;on&#8221; global_colors_info=&#8221;{}&#8221; make_equal=&#8221;on&#8221; sticky_enabled=&#8221;0&#8243;][et_pb_column type=&#8221;1_2&#8243; _builder_version=&#8221;3.25&#8243; background_color=&#8221;#ffffff&#8221; custom_padding=&#8221;100px|60px|100px|60px&#8221; global_colors_info=&#8221;{}&#8221; custom_padding__hover=&#8221;|||&#8221;][et_pb_text admin_label=&#8221;Title &#038; Paragraph&#8221; _builder_version=&#8221;4.11.1&#8243; text_font=&#8221;Muli|600|||||||&#8221; text_font_size=&#8221;18px&#8221; text_line_height=&#8221;1.8em&#8221; header_font=&#8221;||||||||&#8221; header_2_font=&#8221;Muli|700|||||||&#8221; header_2_font_size=&#8221;50px&#8221; header_2_line_height=&#8221;1.4em&#8221; max_width=&#8221;600px&#8221; max_width_tablet=&#8221;&#8221; max_width_phone=&#8221;&#8221; max_width_last_edited=&#8221;on|phone&#8221; module_alignment=&#8221;right&#8221; custom_margin=&#8221;|||&#8221; custom_padding=&#8221;|||&#8221; custom_padding_last_edited=&#8221;off|desktop&#8221; header_2_font_size_tablet=&#8221;&#8221; header_2_font_size_phone=&#8221;40px&#8221; header_2_font_size_last_edited=&#8221;on|desktop&#8221; global_colors_info=&#8221;{}&#8221;]<\/p>\n<h2>Wellness a term\u00e1lv\u00edz erej\u00e9vel<\/h2>\n<p>A ter\u00fcleten term\u00e9szetesen megtal\u00e1lhat\u00f3 term\u00e1lv\u00edznek k\u00f6sz\u00f6nhet\u0151en a k\u00fclt\u00e9ri \u00e9s belt\u00e9ri medenc\u00e9kkel rendelkez\u0151 f\u00fcrd\u0151k\u00f6zpontunkban a term\u00e9szet \u0151si, nyers ereje tal\u00e1lkozik a zavartalan luxussal.<\/p>\n<p>[\/et_pb_text][\/et_pb_column][et_pb_column type=&#8221;1_2&#8243; _builder_version=&#8221;3.25&#8243; custom_padding=&#8221;|||&#8221; global_colors_info=&#8221;{}&#8221; custom_padding__hover=&#8221;|||&#8221;][et_pb_image src=&#8221;https:\/\/kunszigetapartman.hu\/wp-content\/uploads\/2021\/12\/210911_KUNSZIGET_Photo-28b.jpg&#8221; _builder_version=&#8221;4.14.2&#8243; _module_preset=&#8221;default&#8221; title_text=&#8221;210911_KUNSZIGET_Photo &#8211; 28b&#8221; hover_enabled=&#8221;0&#8243; sticky_enabled=&#8221;0&#8243;][\/et_pb_image][\/et_pb_column][\/et_pb_row][\/et_pb_section][et_pb_section fb_built=&#8221;1&#8243; admin_label=&#8221;Service Section&#8221; _builder_version=&#8221;4.14.2&#8243; background_color_gradient_start=&#8221;#ffffff&#8221; background_color_gradient_end=&#8221;rgba(255,255,255,0)&#8221; custom_padding=&#8221;0px|0px|0px|0px&#8221; hover_enabled=&#8221;0&#8243; global_colors_info=&#8221;{}&#8221; background_enable_image=&#8221;off&#8221; sticky_enabled=&#8221;0&#8243;][et_pb_row column_structure=&#8221;1_2,1_2&#8243; use_custom_gutter=&#8221;on&#8221; gutter_width=&#8221;1&#8243; admin_label=&#8221;Service Row&#8221; module_class=&#8221; et_pb_row_fullwidth&#8221; _builder_version=&#8221;4.14.2&#8243; width=&#8221;100%&#8221; width_tablet=&#8221;100%&#8221; width_phone=&#8221;&#8221; width_last_edited=&#8221;on|desktop&#8221; max_width=&#8221;100%&#8221; max_width_tablet=&#8221;100%&#8221; max_width_phone=&#8221;&#8221; max_width_last_edited=&#8221;on|desktop&#8221; custom_margin=&#8221;-21px|auto||auto||&#8221; custom_padding=&#8221;20px|0px|0px|0px||&#8221; hover_enabled=&#8221;0&#8243; make_fullwidth=&#8221;on&#8221; global_colors_info=&#8221;{}&#8221; sticky_enabled=&#8221;0&#8243; make_equal=&#8221;on&#8221;][et_pb_column type=&#8221;1_2&#8243; _builder_version=&#8221;4.11.1&#8243; custom_padding=&#8221;|||&#8221; custom_padding_tablet=&#8221;200px|||&#8221; custom_padding_phone=&#8221;&#8221; custom_padding_last_edited=&#8221;on|tablet&#8221; global_colors_info=&#8221;{}&#8221; padding_tablet=&#8221;200px|||&#8221; padding_last_edited=&#8221;on|tablet&#8221; custom_padding__hover=&#8221;|||&#8221; padding_phone=&#8221;200px|||&#8221;][et_pb_image src=&#8221;https:\/\/kunszigetapartman.hu\/wp-content\/uploads\/2021\/12\/spa.jpg&#8221; _builder_version=&#8221;4.14.2&#8243; _module_preset=&#8221;default&#8221; title_text=&#8221;spa&#8221; hover_enabled=&#8221;0&#8243; sticky_enabled=&#8221;0&#8243; show_in_lightbox=&#8221;on&#8221;][\/et_pb_image][\/et_pb_column][et_pb_column type=&#8221;1_2&#8243; _builder_version=&#8221;4.11.1&#8243; background_color=&#8221;#459b91&#8243; custom_padding=&#8221;100px|60px|100px|60px&#8221; global_colors_info=&#8221;{}&#8221; custom_padding__hover=&#8221;|||&#8221;][et_pb_text admin_label=&#8221;Title &#038; Paragraph&#8221; _builder_version=&#8221;3.27.4&#8243; text_font=&#8221;Muli|600|||||||&#8221; text_font_size=&#8221;18px&#8221; text_line_height=&#8221;1.8em&#8221; header_font=&#8221;||||||||&#8221; header_2_font=&#8221;Muli|700|||||||&#8221; header_2_font_size=&#8221;50px&#8221; header_2_line_height=&#8221;1.4em&#8221; background_layout=&#8221;dark&#8221; max_width=&#8221;600px&#8221; max_width_tablet=&#8221;&#8221; max_width_phone=&#8221;&#8221; max_width_last_edited=&#8221;on|phone&#8221; module_alignment=&#8221;left&#8221; custom_margin=&#8221;|||&#8221; custom_margin_phone=&#8221;|||&#8221; custom_margin_last_edited=&#8221;off|desktop&#8221; custom_padding=&#8221;|||&#8221; custom_padding_tablet=&#8221;|||&#8221; custom_padding_phone=&#8221;|||&#8221; custom_padding_last_edited=&#8221;off|desktop&#8221; header_2_font_size_tablet=&#8221;&#8221; header_2_font_size_phone=&#8221;40px&#8221; header_2_font_size_last_edited=&#8221;on|phone&#8221; global_colors_info=&#8221;{}&#8221;]<\/p>\n<h2>Kiterjedt medencet\u00e9r<\/h2>\n<p>Az 1856 m2-es f\u00fcrd\u0151k\u00f6zpontban 985 m2 belt\u00e9ri \u00e9s 400 m2 k\u00fclt\u00e9ri medence tal\u00e1lhat\u00f3, melyek \u00a0k\u00f6z\u00f6tt tal\u00e1lhat\u00f3ak pezsg\u0151f\u00fcrd\u0151s massz\u00e1zsmedenc\u00e9k, pihen\u0151medenc\u00e9k, k\u00fclt\u00e9ri jacuzzik, d\u00e9zsaf\u00fcrd\u0151k.<\/p>\n<p>[\/et_pb_text][\/et_pb_column][\/et_pb_row][\/et_pb_section][et_pb_section fb_built=&#8221;1&#8243; admin_label=&#8221;Intro Section&#8221; _builder_version=&#8221;3.22&#8243; custom_padding=&#8221;0px|0px|0px|0px&#8221; global_colors_info=&#8221;{}&#8221;][\/et_pb_section][et_pb_section fb_built=&#8221;1&#8243; admin_label=&#8221;Services Section&#8221; _builder_version=&#8221;4.11.1&#8243; use_background_color_gradient=&#8221;on&#8221; background_color_gradient_start=&#8221;#ffffff&#8221; background_color_gradient_end=&#8221;rgba(255,255,255,0)&#8221; background_color_gradient_overlays_image=&#8221;on&#8221; background_image=&#8221;https:\/\/kunszigetresort.hu\/wp-content\/uploads\/2021\/10\/pier-1209549-1-scaled.jpg&#8221; background_position=&#8221;bottom_center&#8221; custom_padding=&#8221;0px|0px|100px|0px||&#8221; global_colors_info=&#8221;{}&#8221;][et_pb_row column_structure=&#8221;1_4,1_4,1_2&#8243; use_custom_gutter=&#8221;on&#8221; gutter_width=&#8221;2&#8243; admin_label=&#8221;Services Row&#8221; _builder_version=&#8221;3.25&#8243; custom_padding=&#8221;|||&#8221; global_colors_info=&#8221;{}&#8221;][et_pb_column type=&#8221;1_4&#8243; _builder_version=&#8221;3.25&#8243; custom_padding=&#8221;|||&#8221; global_colors_info=&#8221;{}&#8221; custom_padding__hover=&#8221;|||&#8221;][et_pb_blurb title=&#8221;K\u00e9nyelem&#8221; image=&#8221;https:\/\/kunszigetresort.hu\/wp-content\/uploads\/2021\/10\/002-bed.png&#8221; image_icon_width=&#8221;33%&#8221; admin_label=&#8221;Service&#8221; _builder_version=&#8221;4.13.0&#8243; header_font=&#8221;Muli|700|||||||&#8221; header_text_align=&#8221;center&#8221; header_font_size=&#8221;20px&#8221; header_line_height=&#8221;1.4em&#8221; body_font=&#8221;Muli|600|||||||&#8221; body_text_color=&#8221;rgba(255,255,255,0.55)&#8221; body_font_size=&#8221;16px&#8221; background_color=&#8221;#1a1a1a&#8221; text_orientation=&#8221;center&#8221; background_layout=&#8221;dark&#8221; custom_margin=&#8221;|||&#8221; custom_padding=&#8221;50px|30px|50px|30px&#8221; image_max_width=&#8221;33%&#8221; global_colors_info=&#8221;{}&#8221;]<\/p>\n<p>Minden ig\u00e9nyt kiel\u00e9g\u00edt\u0151 szob\u00e1k \u00e9s apartmanok<\/p>\n<p>[\/et_pb_blurb][et_pb_blurb title=&#8221;Wellness&#8221; image=&#8221;https:\/\/kunszigetresort.hu\/wp-content\/uploads\/2021\/10\/001-spa-1.png&#8221; image_icon_width=&#8221;33%&#8221; admin_label=&#8221;Service&#8221; _builder_version=&#8221;4.13.0&#8243; header_font=&#8221;Muli|700|||||||&#8221; header_text_align=&#8221;center&#8221; header_text_color=&#8221; c&#8221; header_font_size=&#8221;20px&#8221; header_line_height=&#8221;1.4em&#8221; body_font=&#8221;Muli|600|||||||&#8221; body_text_color=&#8221; c&#8221; body_font_size=&#8221;16px&#8221; background_color=&#8221;#ffffff&#8221; text_orientation=&#8221;center&#8221; custom_margin=&#8221;30px|||&#8221; custom_margin_tablet=&#8221;60px|||&#8221; custom_margin_phone=&#8221;&#8221; custom_margin_last_edited=&#8221;on|phone&#8221; custom_padding=&#8221;50px|30px|50px|30px&#8221; image_max_width=&#8221;33%&#8221; global_colors_info=&#8221;{}&#8221;]<\/p>\n<p>\u00a0Massz\u00e1zs, manu\u00e1lter\u00e1pia, iszappakol\u00e1s, s\u00falyf\u00fcrd\u0151, csontkov\u00e1cs<\/p>\n<p>[\/et_pb_blurb][\/et_pb_column][et_pb_column type=&#8221;1_4&#8243; _builder_version=&#8221;3.25&#8243; custom_padding=&#8221;|||&#8221; global_colors_info=&#8221;{}&#8221; custom_padding__hover=&#8221;|||&#8221;][et_pb_blurb title=&#8221;Spa&#8221; image=&#8221;https:\/\/kunszigetresort.hu\/wp-content\/uploads\/2021\/10\/003-sauna.png&#8221; image_icon_width=&#8221;33%&#8221; admin_label=&#8221;Service&#8221; _builder_version=&#8221;4.13.0&#8243; header_font=&#8221;Muli|700|||||||&#8221; header_text_align=&#8221;center&#8221; header_font_size=&#8221;20px&#8221; header_line_height=&#8221;1.4em&#8221; body_font=&#8221;Muli|600|||||||&#8221; body_text_color=&#8221;rgba(255,255,255,0.55)&#8221; body_font_size=&#8221;16px&#8221; background_color=&#8221;#459b91&#8243; text_orientation=&#8221;center&#8221; background_layout=&#8221;dark&#8221; custom_margin=&#8221;170px|||&#8221; custom_margin_tablet=&#8221;30px|||&#8221; custom_margin_phone=&#8221;&#8221; custom_margin_last_edited=&#8221;on|tablet&#8221; custom_padding=&#8221;50px|30px|50px|30px&#8221; image_max_width=&#8221;33%&#8221; global_colors_info=&#8221;{}&#8221;]<\/p>\n<p>Belt\u00e9ri \u00e9s k\u00fclt\u00e9ri term\u00e1lmedenc\u00e9k, pezsg\u0151f\u00fcrd\u0151k, d\u00e9zsaf\u00fcrd\u0151k<\/p>\n<p>[\/et_pb_blurb][\/et_pb_column][et_pb_column type=&#8221;1_2&#8243; _builder_version=&#8221;3.25&#8243; custom_padding=&#8221;|||&#8221; global_colors_info=&#8221;{}&#8221; custom_padding__hover=&#8221;|||&#8221;][et_pb_text admin_label=&#8221;Title&#8221; _builder_version=&#8221;3.27.4&#8243; text_font=&#8221;Muli|600|||||||&#8221; text_text_color=&#8221;#737373&#8243; text_font_size=&#8221;18px&#8221; header_font=&#8221;||||||||&#8221; header_2_font=&#8221;Muli|700|||||||&#8221; header_2_font_size=&#8221;50px&#8221; header_2_line_height=&#8221;1.4em&#8221; max_width_last_edited=&#8221;off|desktop&#8221; custom_margin=&#8221;220px|||&#8221; custom_padding=&#8221;|||&#8221; custom_padding_last_edited=&#8221;off|desktop&#8221; header_2_font_size_tablet=&#8221;&#8221; header_2_font_size_phone=&#8221;40px&#8221; header_2_font_size_last_edited=&#8221;on|phone&#8221; global_colors_info=&#8221;{}&#8221;]<\/p>\n<h2>Pihen\u00e9s, gy\u00f3gyul\u00e1s, ter\u00e1pia, relax\u00e1ci\u00f3 egy helyen.<\/h2>\n<p>&nbsp;<\/p>\n<p>[\/et_pb_text][\/et_pb_column][\/et_pb_row][\/et_pb_section][et_pb_section fb_built=&#8221;1&#8243; _builder_version=&#8221;4.11.1&#8243; _module_preset=&#8221;default&#8221; background_color=&#8221;#000000&#8243; custom_padding=&#8221;0px||3px|||&#8221; global_colors_info=&#8221;{}&#8221;][et_pb_row _builder_version=&#8221;4.11.1&#8243; _module_preset=&#8221;default&#8221; global_colors_info=&#8221;{}&#8221;][et_pb_column type=&#8221;4_4&#8243; _builder_version=&#8221;4.11.1&#8243; _module_preset=&#8221;default&#8221; global_colors_info=&#8221;{}&#8221;][et_pb_text _builder_version=&#8221;4.11.1&#8243; _module_preset=&#8221;default&#8221; text_orientation=&#8221;center&#8221; background_layout=&#8221;dark&#8221; global_colors_info=&#8221;{}&#8221;]<\/p>\n<p>Impresszum<\/p>\n<p>[\/et_pb_text][\/et_pb_column][\/et_pb_row][\/et_pb_section]<\/p>\n","protected":false},"excerpt":{"rendered":"<p>Pihenjen, t\u00f6lt\u0151dj\u00f6n fel \u00e9s gy\u00f3gyuljon a term\u00e9szettel eggy\u00e9 v\u00e1lva, m\u00e9gis luxusban.Wellness a term\u00e1lv\u00edz erej\u00e9vel A ter\u00fcleten term\u00e9szetesen megtal\u00e1lhat\u00f3 term\u00e1lv\u00edznek k\u00f6sz\u00f6nhet\u0151en a k\u00fclt\u00e9ri \u00e9s belt\u00e9ri medenc\u00e9kkel rendelkez\u0151 f\u00fcrd\u0151k\u00f6zpontunkban a term\u00e9szet \u0151si, nyers ereje tal\u00e1lkozik a zavartalan luxussal.Kiterjedt medencet\u00e9r Az 1856 m2-es f\u00fcrd\u0151k\u00f6zpontban 985 m2 belt\u00e9ri \u00e9s 400 m2 k\u00fclt\u00e9ri medence tal\u00e1lhat\u00f3, melyek \u00a0k\u00f6z\u00f6tt tal\u00e1lhat\u00f3ak pezsg\u0151f\u00fcrd\u0151s massz\u00e1zsmedenc\u00e9k, [&hellip;]<\/p>\n","protected":false},"author":1,"featured_media":0,"parent":0,"menu_order":0,"comment_status":"closed","ping_status":"closed","template":"","meta":{"_et_pb_use_builder":"on","_et_pb_old_content":"","_et_gb_content_width":"","footnotes":""},"class_list":["post-188","page","type-page","status-publish","hentry"],"yoast_head":"<!-- This site is optimized with the Yoast SEO plugin v17.7.1 - https:\/\/yoast.com\/wordpress\/plugins\/seo\/ -->\n<title>Hotel &amp; Wellness - Kunsziget Apartmanok<\/title>\n<meta name=\"robots\" content=\"index, follow, max-snippet:-1, max-image-preview:large, max-video-preview:-1\" \/>\n<link rel=\"canonical\" href=\"https:\/\/kunszigetapartman.hu\/index.php\/hotel\/\" \/>\n<meta property=\"og:locale\" content=\"hu_HU\" \/>\n<meta property=\"og:type\" content=\"article\" \/>\n<meta property=\"og:title\" content=\"Hotel &amp; Wellness - Kunsziget Apartmanok\" \/>\n<meta property=\"og:description\" content=\"Pihenjen, t\u00f6lt\u0151dj\u00f6n fel \u00e9s gy\u00f3gyuljon a term\u00e9szettel eggy\u00e9 v\u00e1lva, m\u00e9gis luxusban.Wellness a term\u00e1lv\u00edz erej\u00e9vel A ter\u00fcleten term\u00e9szetesen megtal\u00e1lhat\u00f3 term\u00e1lv\u00edznek k\u00f6sz\u00f6nhet\u0151en a k\u00fclt\u00e9ri \u00e9s belt\u00e9ri medenc\u00e9kkel rendelkez\u0151 f\u00fcrd\u0151k\u00f6zpontunkban a term\u00e9szet \u0151si, nyers ereje tal\u00e1lkozik a zavartalan luxussal.Kiterjedt medencet\u00e9r Az 1856 m2-es f\u00fcrd\u0151k\u00f6zpontban 985 m2 belt\u00e9ri \u00e9s 400 m2 k\u00fclt\u00e9ri medence tal\u00e1lhat\u00f3, melyek \u00a0k\u00f6z\u00f6tt tal\u00e1lhat\u00f3ak pezsg\u0151f\u00fcrd\u0151s massz\u00e1zsmedenc\u00e9k, [&hellip;]\" \/>\n<meta property=\"og:url\" content=\"https:\/\/kunszigetapartman.hu\/index.php\/hotel\/\" \/>\n<meta property=\"og:site_name\" content=\"Kunsziget Apartmanok\" \/>\n<meta property=\"article:modified_time\" content=\"2021-12-10T09:28:25+00:00\" \/>\n<meta name=\"twitter:card\" content=\"summary_large_image\" \/>\n<meta name=\"twitter:label1\" content=\"Becs\u00fclt olvas\u00e1si id\u0151\" \/>\n\t<meta name=\"twitter:data1\" content=\"8 perc\" \/>\n<script type=\"application\/ld+json\" class=\"yoast-schema-graph\">{\"@context\":\"https:\/\/schema.org\",\"@graph\":[{\"@type\":\"WebSite\",\"@id\":\"https:\/\/kunszigetapartman.hu\/#website\",\"url\":\"https:\/\/kunszigetapartman.hu\/\",\"name\":\"Kunsziget Apartmanok\",\"description\":\"Just another WordPress site\",\"potentialAction\":[{\"@type\":\"SearchAction\",\"target\":{\"@type\":\"EntryPoint\",\"urlTemplate\":\"https:\/\/kunszigetapartman.hu\/?s={search_term_string}\"},\"query-input\":\"required name=search_term_string\"}],\"inLanguage\":\"hu\"},{\"@type\":\"WebPage\",\"@id\":\"https:\/\/kunszigetapartman.hu\/index.php\/hotel\/#webpage\",\"url\":\"https:\/\/kunszigetapartman.hu\/index.php\/hotel\/\",\"name\":\"Hotel & Wellness - Kunsziget Apartmanok\",\"isPartOf\":{\"@id\":\"https:\/\/kunszigetapartman.hu\/#website\"},\"datePublished\":\"2021-10-28T08:06:21+00:00\",\"dateModified\":\"2021-12-10T09:28:25+00:00\",\"breadcrumb\":{\"@id\":\"https:\/\/kunszigetapartman.hu\/index.php\/hotel\/#breadcrumb\"},\"inLanguage\":\"hu\",\"potentialAction\":[{\"@type\":\"ReadAction\",\"target\":[\"https:\/\/kunszigetapartman.hu\/index.php\/hotel\/\"]}]},{\"@type\":\"BreadcrumbList\",\"@id\":\"https:\/\/kunszigetapartman.hu\/index.php\/hotel\/#breadcrumb\",\"itemListElement\":[{\"@type\":\"ListItem\",\"position\":1,\"name\":\"Home\",\"item\":\"https:\/\/kunszigetapartman.hu\/\"},{\"@type\":\"ListItem\",\"position\":2,\"name\":\"Hotel &#038; Wellness\"}]}]}<\/script>\n<!-- \/ Yoast SEO plugin. -->","yoast_head_json":{"title":"Hotel & Wellness - Kunsziget Apartmanok","robots":{"index":"index","follow":"follow","max-snippet":"max-snippet:-1","max-image-preview":"max-image-preview:large","max-video-preview":"max-video-preview:-1"},"canonical":"https:\/\/kunszigetapartman.hu\/index.php\/hotel\/","og_locale":"hu_HU","og_type":"article","og_title":"Hotel & Wellness - Kunsziget Apartmanok","og_description":"Pihenjen, t\u00f6lt\u0151dj\u00f6n fel \u00e9s gy\u00f3gyuljon a term\u00e9szettel eggy\u00e9 v\u00e1lva, m\u00e9gis luxusban.Wellness a term\u00e1lv\u00edz erej\u00e9vel A ter\u00fcleten term\u00e9szetesen megtal\u00e1lhat\u00f3 term\u00e1lv\u00edznek k\u00f6sz\u00f6nhet\u0151en a k\u00fclt\u00e9ri \u00e9s belt\u00e9ri medenc\u00e9kkel rendelkez\u0151 f\u00fcrd\u0151k\u00f6zpontunkban a term\u00e9szet \u0151si, nyers ereje tal\u00e1lkozik a zavartalan luxussal.Kiterjedt medencet\u00e9r Az 1856 m2-es f\u00fcrd\u0151k\u00f6zpontban 985 m2 belt\u00e9ri \u00e9s 400 m2 k\u00fclt\u00e9ri medence tal\u00e1lhat\u00f3, melyek \u00a0k\u00f6z\u00f6tt tal\u00e1lhat\u00f3ak pezsg\u0151f\u00fcrd\u0151s massz\u00e1zsmedenc\u00e9k, [&hellip;]","og_url":"https:\/\/kunszigetapartman.hu\/index.php\/hotel\/","og_site_name":"Kunsziget Apartmanok","article_modified_time":"2021-12-10T09:28:25+00:00","twitter_card":"summary_large_image","twitter_misc":{"Becs\u00fclt olvas\u00e1si id\u0151":"8 perc"},"schema":{"@context":"https:\/\/schema.org","@graph":[{"@type":"WebSite","@id":"https:\/\/kunszigetapartman.hu\/#website","url":"https:\/\/kunszigetapartman.hu\/","name":"Kunsziget Apartmanok","description":"Just another WordPress site","potentialAction":[{"@type":"SearchAction","target":{"@type":"EntryPoint","urlTemplate":"https:\/\/kunszigetapartman.hu\/?s={search_term_string}"},"query-input":"required name=search_term_string"}],"inLanguage":"hu"},{"@type":"WebPage","@id":"https:\/\/kunszigetapartman.hu\/index.php\/hotel\/#webpage","url":"https:\/\/kunszigetapartman.hu\/index.php\/hotel\/","name":"Hotel & Wellness - Kunsziget Apartmanok","isPartOf":{"@id":"https:\/\/kunszigetapartman.hu\/#website"},"datePublished":"2021-10-28T08:06:21+00:00","dateModified":"2021-12-10T09:28:25+00:00","breadcrumb":{"@id":"https:\/\/kunszigetapartman.hu\/index.php\/hotel\/#breadcrumb"},"inLanguage":"hu","potentialAction":[{"@type":"ReadAction","target":["https:\/\/kunszigetapartman.hu\/index.php\/hotel\/"]}]},{"@type":"BreadcrumbList","@id":"https:\/\/kunszigetapartman.hu\/index.php\/hotel\/#breadcrumb","itemListElement":[{"@type":"ListItem","position":1,"name":"Home","item":"https:\/\/kunszigetapartman.hu\/"},{"@type":"ListItem","position":2,"name":"Hotel &#038; Wellness"}]}]}},"_links":{"self":[{"href":"https:\/\/kunszigetapartman.hu\/index.php\/wp-json\/wp\/v2\/pages\/188","targetHints":{"allow":["GET"]}}],"collection":[{"href":"https:\/\/kunszigetapartman.hu\/index.php\/wp-json\/wp\/v2\/pages"}],"about":[{"href":"https:\/\/kunszigetapartman.hu\/index.php\/wp-json\/wp\/v2\/types\/page"}],"author":[{"embeddable":true,"href":"https:\/\/kunszigetapartman.hu\/index.php\/wp-json\/wp\/v2\/users\/1"}],"replies":[{"embeddable":true,"href":"https:\/\/kunszigetapartman.hu\/index.php\/wp-json\/wp\/v2\/comments?post=188"}],"version-history":[{"count":1,"href":"https:\/\/kunszigetapartman.hu\/index.php\/wp-json\/wp\/v2\/pages\/188\/revisions"}],"predecessor-version":[{"id":197,"href":"https:\/\/kunszigetapartman.hu\/index.php\/wp-json\/wp\/v2\/pages\/188\/revisions\/197"}],"wp:attachment":[{"href":"https:\/\/kunszigetapartman.hu\/index.php\/wp-json\/wp\/v2\/media?parent=188"}],"curies":[{"name":"wp","href":"https:\/\/api.w.org\/{rel}","templated":true}]}}