{"id":14,"date":"2021-12-02T23:11:01","date_gmt":"2021-12-02T23:11:01","guid":{"rendered":"https:\/\/kunszigetapartman.hu\/?page_id=14"},"modified":"2021-12-06T10:44:27","modified_gmt":"2021-12-06T10:44:27","slug":"fooldal","status":"publish","type":"page","link":"https:\/\/kunszigetapartman.hu\/index.php\/fooldal\/","title":{"rendered":"F\u0151oldal"},"content":{"rendered":"<p>[et_pb_section fb_built=&#8221;1&#8243; admin_label=&#8221;Header Section&#8221; _builder_version=&#8221;4.14.2&#8243; use_background_color_gradient=&#8221;on&#8221; background_color_gradient_start=&#8221;#e9f0f6&#8243; background_color_gradient_end=&#8221;rgba(233,240,246,0.2)&#8221; background_color_gradient_overlays_image=&#8221;on&#8221; background_image=&#8221;https:\/\/kunszigetapartman.hu\/wp-content\/uploads\/2021\/12\/hatter1.jpg&#8221; custom_margin=&#8221;|||&#8221; custom_padding=&#8221;10%||20%|&#8221; global_colors_info=&#8221;{}&#8221;][et_pb_row custom_padding_last_edited=&#8221;on|phone&#8221; admin_label=&#8221;Header Row&#8221; _builder_version=&#8221;3.25&#8243; custom_margin=&#8221;|||&#8221; custom_padding=&#8221;|||&#8221; custom_padding_tablet=&#8221;&#8221; custom_padding_phone=&#8221;3vw|||&#8221; global_colors_info=&#8221;{}&#8221;][et_pb_column type=&#8221;4_4&#8243; _builder_version=&#8221;3.25&#8243; custom_padding=&#8221;|||&#8221; global_colors_info=&#8221;{}&#8221; custom_padding__hover=&#8221;|||&#8221;][et_pb_cta title=&#8221;Kunsziget Apartman Lakjon saj\u00e1t tava partj\u00e1n!&#8221; button_url=&#8221;https:\/\/kunszigetapartman.hu\/index.php\/interaktiv-terkep\/&#8221; button_text=&#8221;Interakt\u00edv t\u00e9rk\u00e9p megnyit\u00e1sa&#8221; admin_label=&#8221;Heading, Subheading &#038; Button&#8221; _builder_version=&#8221;4.14.2&#8243; header_level=&#8221;h1&#8243; header_font=&#8221;Muli|700|||||||&#8221; header_font_size=&#8221;65px&#8221; header_line_height=&#8221;1.4em&#8221; body_font=&#8221;Muli|600|||||||&#8221; body_font_size=&#8221;18px&#8221; body_line_height=&#8221;1.8em&#8221; use_background_color=&#8221;off&#8221; custom_button=&#8221;on&#8221; button_text_size=&#8221;16px&#8221; button_text_color=&#8221;#ffffff&#8221; button_bg_color=&#8221;#f4583f&#8221; button_border_width=&#8221;10px&#8221; button_border_color=&#8221;rgba(244,88,63,0)&#8221; button_border_radius=&#8221;0px&#8221; button_font=&#8221;Muli|700|||||||&#8221; button_use_icon=&#8221;off&#8221; background_layout=&#8221;light&#8221; max_width=&#8221;800px&#8221; module_alignment=&#8221;center&#8221; custom_margin=&#8221;|||&#8221; custom_margin_tablet=&#8221;3vw||3vw|&#8221; custom_margin_phone=&#8221;|||&#8221; custom_margin_last_edited=&#8221;off|desktop&#8221; animation_style=&#8221;fade&#8221; hover_enabled=&#8221;0&#8243; header_font_size_tablet=&#8221;&#8221; header_font_size_phone=&#8221;50px&#8221; header_font_size_last_edited=&#8221;on|phone&#8221; button_text_color_hover=&#8221;#ffffff&#8221; button_border_color_hover=&#8221;rgba(244,88,63,0)&#8221; button_border_radius_hover=&#8221;0px&#8221; button_bg_color_hover=&#8221;#f4583f&#8221; global_colors_info=&#8221;{}&#8221; button_text_size__hover_enabled=&#8221;off&#8221; button_one_text_size__hover_enabled=&#8221;off&#8221; button_two_text_size__hover_enabled=&#8221;off&#8221; button_text_color__hover_enabled=&#8221;on&#8221; button_text_color__hover=&#8221;#ffffff&#8221; button_one_text_color__hover_enabled=&#8221;off&#8221; button_two_text_color__hover_enabled=&#8221;off&#8221; button_border_width__hover_enabled=&#8221;off&#8221; button_one_border_width__hover_enabled=&#8221;off&#8221; button_two_border_width__hover_enabled=&#8221;off&#8221; button_border_color__hover_enabled=&#8221;on&#8221; button_border_color__hover=&#8221;rgba(244,88,63,0)&#8221; button_one_border_color__hover_enabled=&#8221;off&#8221; button_two_border_color__hover_enabled=&#8221;off&#8221; button_border_radius__hover_enabled=&#8221;on&#8221; button_border_radius__hover=&#8221;0px&#8221; button_one_border_radius__hover_enabled=&#8221;off&#8221; button_two_border_radius__hover_enabled=&#8221;off&#8221; button_letter_spacing__hover_enabled=&#8221;off&#8221; button_one_letter_spacing__hover_enabled=&#8221;off&#8221; button_two_letter_spacing__hover_enabled=&#8221;off&#8221; button_bg_color__hover_enabled=&#8221;on&#8221; button_bg_color__hover=&#8221;#f4583f&#8221; button_one_bg_color__hover_enabled=&#8221;off&#8221; button_two_bg_color__hover_enabled=&#8221;off&#8221; sticky_enabled=&#8221;0&#8243;]<\/p>\n<p><span>A Kunszigetn\u00e9l felt\u00f6r\u0151 term\u00e1lv\u00edz egyszerre er\u0151t sug\u00e1roz \u00e9s nyugalmat \u00e1raszt, ez\u00e9rt v\u00e1lasztottuk pihen\u0151 k\u00f6zpontunk helysz\u00edn\u00e9\u00fcl. Legyen sz\u00f3 gy\u00f3gyul\u00e1sr\u00f3l, pihen\u00e9sr\u0151l, k\u00e9pz\u00e9sr\u0151l \u00e9s konferenci\u00e1r\u00f3l, ez a kis falu minden ig\u00e9nyt kiel\u00e9g\u00edt.<\/span><\/p>\n<p>[\/et_pb_cta][\/et_pb_column][\/et_pb_row][\/et_pb_section][et_pb_section fb_built=&#8221;1&#8243; _builder_version=&#8221;4.14.2&#8243; _module_preset=&#8221;default&#8221; global_colors_info=&#8221;{}&#8221;][et_pb_row _builder_version=&#8221;4.14.2&#8243; _module_preset=&#8221;default&#8221; global_colors_info=&#8221;{}&#8221;][et_pb_column type=&#8221;4_4&#8243; _builder_version=&#8221;4.14.2&#8243; _module_preset=&#8221;default&#8221; global_colors_info=&#8221;{}&#8221;][et_pb_text _builder_version=&#8221;4.14.2&#8243; _module_preset=&#8221;default&#8221; global_colors_info=&#8221;{}&#8221;]<\/p>\n<h1>Apartman t\u00edpusaink:<\/h1>\n<p>A sz\u0171r\u00e9shez kattintson a t\u00edpusra<\/p>\n<p>[\/et_pb_text][et_pb_filterable_portfolio fullwidth=&#8221;off&#8221; _builder_version=&#8221;4.14.2&#8243; _module_preset=&#8221;default&#8221; global_colors_info=&#8221;{}&#8221;][\/et_pb_filterable_portfolio][\/et_pb_column][\/et_pb_row][\/et_pb_section][et_pb_section fb_built=&#8221;1&#8243; admin_label=&#8221;Subscription Section&#8221; _builder_version=&#8221;4.14.2&#8243; background_image=&#8221;https:\/\/kunszigetapartman.hu\/wp-content\/uploads\/2021\/12\/hatter1.jpg&#8221; background_position=&#8221;top_center&#8221; custom_padding=&#8221;1%|0px|8%|0px||&#8221; global_module=&#8221;71&#8243; global_colors_info=&#8221;{}&#8221;][et_pb_row column_structure=&#8221;1_2,1_2&#8243; admin_label=&#8221;Subscription Row&#8221; _builder_version=&#8221;3.25&#8243; custom_padding=&#8221;|||&#8221; global_colors_info=&#8221;{}&#8221;][et_pb_column type=&#8221;1_2&#8243; _builder_version=&#8221;3.25&#8243; custom_padding=&#8221;|||&#8221; global_colors_info=&#8221;{}&#8221; custom_padding__hover=&#8221;|||&#8221;][et_pb_text admin_label=&#8221;Title &#038; Paragraph&#8221; _builder_version=&#8221;3.27.4&#8243; text_font=&#8221;Muli|600|||||||&#8221; text_font_size=&#8221;18px&#8221; text_line_height=&#8221;1.8em&#8221; header_font=&#8221;||||||||&#8221; header_2_font=&#8221;Muli|700|||||||&#8221; header_2_font_size=&#8221;50px&#8221; header_2_line_height=&#8221;1.4em&#8221; text_orientation=&#8221;center&#8221; max_width=&#8221;640px&#8221; max_width_last_edited=&#8221;off|desktop&#8221; module_alignment=&#8221;center&#8221; custom_margin=&#8221;|||&#8221; custom_margin_tablet=&#8221;0px|||0px&#8221; custom_margin_last_edited=&#8221;off|desktop&#8221; custom_padding=&#8221;|||&#8221; custom_padding_last_edited=&#8221;off|desktop&#8221; header_2_font_size_tablet=&#8221;&#8221; header_2_font_size_phone=&#8221;40px&#8221; header_2_font_size_last_edited=&#8221;on|desktop&#8221; locked=&#8221;off&#8221; global_colors_info=&#8221;{}&#8221;]<\/p>\n<h2 class=\"et_pb_module_header et-fb-editable-element et-fb-editable-element__editing\" data-shortcode-id=\"1.0.0.0-1515376821367\" contenteditable=\"true\">Felkeltett\u00fck \u00e9rdekl\u0151d\u00e9s\u00e9t?<\/h2>\n<p><span>L\u00e9pj vel\u00fcnk kapcsolatba egyedi aj\u00e1nlat\u00e9rt!<\/span><\/p>\n<p>[\/et_pb_text][\/et_pb_column][et_pb_column type=&#8221;1_2&#8243; _builder_version=&#8221;3.25&#8243; custom_padding=&#8221;|||&#8221; global_colors_info=&#8221;{}&#8221; custom_padding__hover=&#8221;|||&#8221;][et_pb_contact_form success_message=&#8221;K\u00f6sz\u00f6nj\u00fck, hamarosan kapcsolatba l\u00e9p\u00fcnk \u00f6nnel!&#8221; submit_button_text=&#8221;Kapcsolat&#8221; _builder_version=&#8221;4.14.2&#8243; _module_preset=&#8221;default&#8221; _unique_id=&#8221;6d00b5b1-e466-4126-8315-73e87fd6cbf7&#8243; custom_button=&#8221;on&#8221; button_text_color=&#8221;#FFFFFF&#8221; button_bg_color=&#8221;#000000&#8243; button_border_width=&#8221;0px&#8221; button_border_radius=&#8221;0px&#8221; global_colors_info=&#8221;{}&#8221;][et_pb_contact_field field_id=&#8221;Name&#8221; field_title=&#8221;N\u00e9v&#8221; _builder_version=&#8221;4.14.2&#8243; global_colors_info=&#8221;{}&#8221; button_text_size__hover_enabled=&#8221;off&#8221; button_one_text_size__hover_enabled=&#8221;off&#8221; button_two_text_size__hover_enabled=&#8221;off&#8221; button_text_color__hover_enabled=&#8221;off&#8221; button_one_text_color__hover_enabled=&#8221;off&#8221; button_two_text_color__hover_enabled=&#8221;off&#8221; button_border_width__hover_enabled=&#8221;off&#8221; button_one_border_width__hover_enabled=&#8221;off&#8221; button_two_border_width__hover_enabled=&#8221;off&#8221; button_border_color__hover_enabled=&#8221;off&#8221; button_one_border_color__hover_enabled=&#8221;off&#8221; button_two_border_color__hover_enabled=&#8221;off&#8221; button_border_radius__hover_enabled=&#8221;off&#8221; button_one_border_radius__hover_enabled=&#8221;off&#8221; button_two_border_radius__hover_enabled=&#8221;off&#8221; button_letter_spacing__hover_enabled=&#8221;off&#8221; button_one_letter_spacing__hover_enabled=&#8221;off&#8221; button_two_letter_spacing__hover_enabled=&#8221;off&#8221; button_bg_color__hover_enabled=&#8221;off&#8221; button_one_bg_color__hover_enabled=&#8221;off&#8221; button_two_bg_color__hover_enabled=&#8221;off&#8221;][\/et_pb_contact_field][et_pb_contact_field field_id=&#8221;Email&#8221; field_title=&#8221;Email C\u00edm&#8221; field_type=&#8221;email&#8221; _builder_version=&#8221;4.14.2&#8243; global_colors_info=&#8221;{}&#8221; button_text_size__hover_enabled=&#8221;off&#8221; button_one_text_size__hover_enabled=&#8221;off&#8221; button_two_text_size__hover_enabled=&#8221;off&#8221; button_text_color__hover_enabled=&#8221;off&#8221; button_one_text_color__hover_enabled=&#8221;off&#8221; button_two_text_color__hover_enabled=&#8221;off&#8221; button_border_width__hover_enabled=&#8221;off&#8221; button_one_border_width__hover_enabled=&#8221;off&#8221; button_two_border_width__hover_enabled=&#8221;off&#8221; button_border_color__hover_enabled=&#8221;off&#8221; button_one_border_color__hover_enabled=&#8221;off&#8221; button_two_border_color__hover_enabled=&#8221;off&#8221; button_border_radius__hover_enabled=&#8221;off&#8221; button_one_border_radius__hover_enabled=&#8221;off&#8221; button_two_border_radius__hover_enabled=&#8221;off&#8221; button_letter_spacing__hover_enabled=&#8221;off&#8221; button_one_letter_spacing__hover_enabled=&#8221;off&#8221; button_two_letter_spacing__hover_enabled=&#8221;off&#8221; button_bg_color__hover_enabled=&#8221;off&#8221; button_one_bg_color__hover_enabled=&#8221;off&#8221; button_two_bg_color__hover_enabled=&#8221;off&#8221;][\/et_pb_contact_field][et_pb_contact_field field_id=&#8221;phone&#8221; field_title=&#8221;Telefonsz\u00e1m&#8221; fullwidth_field=&#8221;on&#8221; _builder_version=&#8221;4.14.2&#8243; _module_preset=&#8221;default&#8221; global_colors_info=&#8221;{}&#8221;][\/et_pb_contact_field][et_pb_contact_field field_id=&#8221;Message&#8221; field_title=&#8221;\u00dczenet&#8221; field_type=&#8221;text&#8221; fullwidth_field=&#8221;on&#8221; _builder_version=&#8221;4.14.2&#8243; global_colors_info=&#8221;{}&#8221; button_text_size__hover_enabled=&#8221;off&#8221; button_one_text_size__hover_enabled=&#8221;off&#8221; button_two_text_size__hover_enabled=&#8221;off&#8221; button_text_color__hover_enabled=&#8221;off&#8221; button_one_text_color__hover_enabled=&#8221;off&#8221; button_two_text_color__hover_enabled=&#8221;off&#8221; button_border_width__hover_enabled=&#8221;off&#8221; button_one_border_width__hover_enabled=&#8221;off&#8221; button_two_border_width__hover_enabled=&#8221;off&#8221; button_border_color__hover_enabled=&#8221;off&#8221; button_one_border_color__hover_enabled=&#8221;off&#8221; button_two_border_color__hover_enabled=&#8221;off&#8221; button_border_radius__hover_enabled=&#8221;off&#8221; button_one_border_radius__hover_enabled=&#8221;off&#8221; button_two_border_radius__hover_enabled=&#8221;off&#8221; button_letter_spacing__hover_enabled=&#8221;off&#8221; button_one_letter_spacing__hover_enabled=&#8221;off&#8221; button_two_letter_spacing__hover_enabled=&#8221;off&#8221; button_bg_color__hover_enabled=&#8221;off&#8221; button_one_bg_color__hover_enabled=&#8221;off&#8221; button_two_bg_color__hover_enabled=&#8221;off&#8221;][\/et_pb_contact_field][\/et_pb_contact_form][\/et_pb_column][\/et_pb_row][\/et_pb_section]<\/p>\n","protected":false},"excerpt":{"rendered":"<p>A Kunszigetn\u00e9l felt\u00f6r\u0151 term\u00e1lv\u00edz egyszerre er\u0151t sug\u00e1roz \u00e9s nyugalmat \u00e1raszt, ez\u00e9rt v\u00e1lasztottuk pihen\u0151 k\u00f6zpontunk helysz\u00edn\u00e9\u00fcl. Legyen sz\u00f3 gy\u00f3gyul\u00e1sr\u00f3l, pihen\u00e9sr\u0151l, k\u00e9pz\u00e9sr\u0151l \u00e9s konferenci\u00e1r\u00f3l, ez a kis falu minden ig\u00e9nyt kiel\u00e9g\u00edt.Apartman t\u00edpusaink: A sz\u0171r\u00e9shez kattintson a t\u00edpusraFelkeltett\u00fck \u00e9rdekl\u0151d\u00e9s\u00e9t? L\u00e9pj vel\u00fcnk kapcsolatba egyedi aj\u00e1nlat\u00e9rt!<\/p>\n","protected":false},"author":1,"featured_media":0,"parent":0,"menu_order":0,"comment_status":"closed","ping_status":"closed","template":"","meta":{"_et_pb_use_builder":"on","_et_pb_old_content":"","_et_gb_content_width":"","footnotes":""},"class_list":["post-14","page","type-page","status-publish","hentry"],"yoast_head":"<!-- This site is optimized with the Yoast SEO plugin v17.7.1 - https:\/\/yoast.com\/wordpress\/plugins\/seo\/ -->\n<title>F\u0151oldal - Kunsziget Apartmanok<\/title>\n<meta name=\"robots\" content=\"index, follow, max-snippet:-1, max-image-preview:large, max-video-preview:-1\" \/>\n<link rel=\"canonical\" href=\"https:\/\/kunszigetapartman.hu\/index.php\/fooldal\/\" \/>\n<meta property=\"og:locale\" content=\"hu_HU\" \/>\n<meta property=\"og:type\" content=\"article\" \/>\n<meta property=\"og:title\" content=\"F\u0151oldal - Kunsziget Apartmanok\" \/>\n<meta property=\"og:description\" content=\"A Kunszigetn\u00e9l felt\u00f6r\u0151 term\u00e1lv\u00edz egyszerre er\u0151t sug\u00e1roz \u00e9s nyugalmat \u00e1raszt, ez\u00e9rt v\u00e1lasztottuk pihen\u0151 k\u00f6zpontunk helysz\u00edn\u00e9\u00fcl. Legyen sz\u00f3 gy\u00f3gyul\u00e1sr\u00f3l, pihen\u00e9sr\u0151l, k\u00e9pz\u00e9sr\u0151l \u00e9s konferenci\u00e1r\u00f3l, ez a kis falu minden ig\u00e9nyt kiel\u00e9g\u00edt.Apartman t\u00edpusaink: A sz\u0171r\u00e9shez kattintson a t\u00edpusraFelkeltett\u00fck \u00e9rdekl\u0151d\u00e9s\u00e9t? L\u00e9pj vel\u00fcnk kapcsolatba egyedi aj\u00e1nlat\u00e9rt!\" \/>\n<meta property=\"og:url\" content=\"https:\/\/kunszigetapartman.hu\/index.php\/fooldal\/\" \/>\n<meta property=\"og:site_name\" content=\"Kunsziget Apartmanok\" \/>\n<meta property=\"article:modified_time\" content=\"2021-12-06T10:44:27+00:00\" \/>\n<meta name=\"twitter:card\" content=\"summary_large_image\" \/>\n<script type=\"application\/ld+json\" class=\"yoast-schema-graph\">{\"@context\":\"https:\/\/schema.org\",\"@graph\":[{\"@type\":\"WebSite\",\"@id\":\"https:\/\/kunszigetapartman.hu\/#website\",\"url\":\"https:\/\/kunszigetapartman.hu\/\",\"name\":\"Kunsziget Apartmanok\",\"description\":\"Just another WordPress site\",\"potentialAction\":[{\"@type\":\"SearchAction\",\"target\":{\"@type\":\"EntryPoint\",\"urlTemplate\":\"https:\/\/kunszigetapartman.hu\/?s={search_term_string}\"},\"query-input\":\"required name=search_term_string\"}],\"inLanguage\":\"hu\"},{\"@type\":\"WebPage\",\"@id\":\"https:\/\/kunszigetapartman.hu\/index.php\/fooldal\/#webpage\",\"url\":\"https:\/\/kunszigetapartman.hu\/index.php\/fooldal\/\",\"name\":\"F\\u0151oldal - Kunsziget Apartmanok\",\"isPartOf\":{\"@id\":\"https:\/\/kunszigetapartman.hu\/#website\"},\"datePublished\":\"2021-12-02T23:11:01+00:00\",\"dateModified\":\"2021-12-06T10:44:27+00:00\",\"breadcrumb\":{\"@id\":\"https:\/\/kunszigetapartman.hu\/index.php\/fooldal\/#breadcrumb\"},\"inLanguage\":\"hu\",\"potentialAction\":[{\"@type\":\"ReadAction\",\"target\":[\"https:\/\/kunszigetapartman.hu\/index.php\/fooldal\/\"]}]},{\"@type\":\"BreadcrumbList\",\"@id\":\"https:\/\/kunszigetapartman.hu\/index.php\/fooldal\/#breadcrumb\",\"itemListElement\":[{\"@type\":\"ListItem\",\"position\":1,\"name\":\"Home\",\"item\":\"https:\/\/kunszigetapartman.hu\/\"},{\"@type\":\"ListItem\",\"position\":2,\"name\":\"F\\u0151oldal\"}]}]}<\/script>\n<!-- \/ Yoast SEO plugin. -->","yoast_head_json":{"title":"F\u0151oldal - Kunsziget Apartmanok","robots":{"index":"index","follow":"follow","max-snippet":"max-snippet:-1","max-image-preview":"max-image-preview:large","max-video-preview":"max-video-preview:-1"},"canonical":"https:\/\/kunszigetapartman.hu\/index.php\/fooldal\/","og_locale":"hu_HU","og_type":"article","og_title":"F\u0151oldal - Kunsziget Apartmanok","og_description":"A Kunszigetn\u00e9l felt\u00f6r\u0151 term\u00e1lv\u00edz egyszerre er\u0151t sug\u00e1roz \u00e9s nyugalmat \u00e1raszt, ez\u00e9rt v\u00e1lasztottuk pihen\u0151 k\u00f6zpontunk helysz\u00edn\u00e9\u00fcl. Legyen sz\u00f3 gy\u00f3gyul\u00e1sr\u00f3l, pihen\u00e9sr\u0151l, k\u00e9pz\u00e9sr\u0151l \u00e9s konferenci\u00e1r\u00f3l, ez a kis falu minden ig\u00e9nyt kiel\u00e9g\u00edt.Apartman t\u00edpusaink: A sz\u0171r\u00e9shez kattintson a t\u00edpusraFelkeltett\u00fck \u00e9rdekl\u0151d\u00e9s\u00e9t? L\u00e9pj vel\u00fcnk kapcsolatba egyedi aj\u00e1nlat\u00e9rt!","og_url":"https:\/\/kunszigetapartman.hu\/index.php\/fooldal\/","og_site_name":"Kunsziget Apartmanok","article_modified_time":"2021-12-06T10:44:27+00:00","twitter_card":"summary_large_image","schema":{"@context":"https:\/\/schema.org","@graph":[{"@type":"WebSite","@id":"https:\/\/kunszigetapartman.hu\/#website","url":"https:\/\/kunszigetapartman.hu\/","name":"Kunsziget Apartmanok","description":"Just another WordPress site","potentialAction":[{"@type":"SearchAction","target":{"@type":"EntryPoint","urlTemplate":"https:\/\/kunszigetapartman.hu\/?s={search_term_string}"},"query-input":"required name=search_term_string"}],"inLanguage":"hu"},{"@type":"WebPage","@id":"https:\/\/kunszigetapartman.hu\/index.php\/fooldal\/#webpage","url":"https:\/\/kunszigetapartman.hu\/index.php\/fooldal\/","name":"F\u0151oldal - Kunsziget Apartmanok","isPartOf":{"@id":"https:\/\/kunszigetapartman.hu\/#website"},"datePublished":"2021-12-02T23:11:01+00:00","dateModified":"2021-12-06T10:44:27+00:00","breadcrumb":{"@id":"https:\/\/kunszigetapartman.hu\/index.php\/fooldal\/#breadcrumb"},"inLanguage":"hu","potentialAction":[{"@type":"ReadAction","target":["https:\/\/kunszigetapartman.hu\/index.php\/fooldal\/"]}]},{"@type":"BreadcrumbList","@id":"https:\/\/kunszigetapartman.hu\/index.php\/fooldal\/#breadcrumb","itemListElement":[{"@type":"ListItem","position":1,"name":"Home","item":"https:\/\/kunszigetapartman.hu\/"},{"@type":"ListItem","position":2,"name":"F\u0151oldal"}]}]}},"_links":{"self":[{"href":"https:\/\/kunszigetapartman.hu\/index.php\/wp-json\/wp\/v2\/pages\/14","targetHints":{"allow":["GET"]}}],"collection":[{"href":"https:\/\/kunszigetapartman.hu\/index.php\/wp-json\/wp\/v2\/pages"}],"about":[{"href":"https:\/\/kunszigetapartman.hu\/index.php\/wp-json\/wp\/v2\/types\/page"}],"author":[{"embeddable":true,"href":"https:\/\/kunszigetapartman.hu\/index.php\/wp-json\/wp\/v2\/users\/1"}],"replies":[{"embeddable":true,"href":"https:\/\/kunszigetapartman.hu\/index.php\/wp-json\/wp\/v2\/comments?post=14"}],"version-history":[{"count":10,"href":"https:\/\/kunszigetapartman.hu\/index.php\/wp-json\/wp\/v2\/pages\/14\/revisions"}],"predecessor-version":[{"id":117,"href":"https:\/\/kunszigetapartman.hu\/index.php\/wp-json\/wp\/v2\/pages\/14\/revisions\/117"}],"wp:attachment":[{"href":"https:\/\/kunszigetapartman.hu\/index.php\/wp-json\/wp\/v2\/media?parent=14"}],"curies":[{"name":"wp","href":"https:\/\/api.w.org\/{rel}","templated":true}]}}